{"id":196448,"date":"2025-01-24T11:35:56","date_gmt":"2025-01-24T11:35:56","guid":{"rendered":"https:\/\/kodulahe.arcovara.com\/?page_id=196448"},"modified":"2025-01-24T11:35:57","modified_gmt":"2025-01-24T11:35:57","slug":"uslovija-kompanii","status":"publish","type":"page","link":"https:\/\/kodulahe.arcovara.com\/ru\/uslovija-kompanii\/","title":{"rendered":"\u0423\u0441\u043b\u043e\u0432\u0438\u044f \u043a\u0430\u043c\u043f\u0430\u043d\u0438\u0438"},"content":{"rendered":"<div class=\"block block-heading gutters\">\n<h2 class=\"wp-block-heading\">\u0421\u043f\u0435\u0446\u0438\u0430\u043b\u044c\u043d\u043e\u0435 \u043f\u0440\u0435\u0434\u043b\u043e\u0436\u0435\u043d\u0438\u0435:&nbsp;\u041a\u0443\u0445\u043d\u044f \u0432\u043a\u043b\u044e\u0447\u0435\u043d\u0430 \u0434\u043b\u044f \u043f\u0435\u0440\u0432\u044b\u0445 \u0431\u0440\u043e\u043d\u0438\u0440\u0443\u044e\u0449\u0438\u0445!<\/h2>\n<\/div>\n\n<div class=\"block block-paragraph gutters\"><section class=\"content-block content-text\"> <div class=\"container\">\n<p>\u0412 \u0440\u0430\u043c\u043a\u0430\u0445 \u043a\u0430\u043c\u043f\u0430\u043d\u0438\u0438 \u043d\u0430\u0448 \u043f\u0430\u0440\u0442\u043d\u0435\u0440 Baltest m\u00f6\u00f6bel O\u00dc \u043f\u0440\u0435\u0434\u043b\u0430\u0433\u0430\u0435\u0442 \u043a\u0443\u0445\u043e\u043d\u043d\u0443\u044e \u043c\u0435\u0431\u0435\u043b\u044c.<\/p>\n<\/div><\/section><\/div>\n\n<div class=\"block block-paragraph gutters\"><section class=\"content-block content-text\"> <div class=\"container\">\n<p>\u0426\u0435\u043d\u0430 \u043a\u0443\u0445\u043e\u043d\u043d\u043e\u0439 \u043c\u0435\u0431\u0435\u043b\u0438 \u0441 \u041d\u0414\u0421 \u0440\u0430\u0441\u043f\u0440\u0435\u0434\u0435\u043b\u044f\u0435\u0442\u0441\u044f \u0441\u043b\u0435\u0434\u0443\u044e\u0449\u0438\u043c \u043e\u0431\u0440\u0430\u0437\u043e\u043c:<\/p>\n<\/div><\/section><\/div>\n\n<div class=\"block block-list gutters\">\n<ul class=\"wp-block-list\">\n<li>1-\u043a\u043e\u043c\u043d\u0430\u0442\u043d\u044b\u0435 \u0434\u043e 35 \u043c\u00b2 \u2013 5000\u20ac<\/li>\n\n\n\n<li>2-\u043a\u043e\u043c\u043d\u0430\u0442\u043d\u044b\u0435 \u0434\u043e 60 \u043c\u00b2 \u2013 8000\u20ac<\/li>\n\n\n\n<li>3-\u043a\u043e\u043c\u043d\u0430\u0442\u043d\u044b\u0435 \u043e\u0442 60 \u043c\u00b2 \u2013 10 000\u20ac<\/li>\n\n\n\n<li>4 \u0438 5-\u043a\u043e\u043c\u043d\u0430\u0442\u043d\u044b\u0435 \u043e\u0442 90 \u043c\u00b2 \u2013 12 000\u20ac<\/li>\n<\/ul>\n<\/div>\n\n<div class=\"block block-paragraph gutters\"><section class=\"content-block content-text\"> <div class=\"container\">\n<p>\u0426\u0435\u043d\u0430 \u0432\u043a\u043b\u044e\u0447\u0430\u0435\u0442 \u043a\u0443\u0445\u043e\u043d\u043d\u0443\u044e \u043c\u0435\u0431\u0435\u043b\u044c \u0438 \u0444\u0443\u0440\u043d\u0438\u0442\u0443\u0440\u0443 \u0441 \u0432\u044b\u0431\u043e\u0440\u043e\u043c \u043c\u0430\u0442\u0435\u0440\u0438\u0430\u043b\u043e\u0432, \u043a\u0440\u043e\u043c\u0435 \u0442\u0435\u0445\u043d\u0438\u043a\u0438 \u0438 \u0441\u0430\u043d\u0442\u0435\u0445\u043d\u0438\u043a\u0438. \u0415\u0441\u043b\u0438 \u043e\u043a\u043e\u043d\u0447\u0430\u0442\u0435\u043b\u044c\u043d\u0430\u044f \u0446\u0435\u043d\u0430 \u043a\u0443\u0445\u043e\u043d\u043d\u043e\u0439 \u043c\u0435\u0431\u0435\u043b\u0438 \u043f\u0440\u0435\u0432\u044b\u0448\u0430\u0435\u0442 \u0443\u043a\u0430\u0437\u0430\u043d\u043d\u0443\u044e \u0441\u0443\u043c\u043c\u0443, \u043f\u043e\u043a\u0443\u043f\u0430\u0442\u0435\u043b\u044c \u043f\u043e\u043a\u0440\u044b\u0432\u0430\u0435\u0442 \u0440\u0430\u0437\u043d\u0438\u0446\u0443 \u043d\u0430\u043f\u0440\u044f\u043c\u0443\u044e Baltest m\u00f6\u00f6bel O\u00dc. \u0415\u0441\u043b\u0438 \u043e\u043a\u043e\u043d\u0447\u0430\u0442\u0435\u043b\u044c\u043d\u0430\u044f \u0446\u0435\u043d\u0430 \u043a\u0443\u0445\u043e\u043d\u043d\u043e\u0439 \u043c\u0435\u0431\u0435\u043b\u0438 \u043d\u0438\u0436\u0435 \u0443\u043a\u0430\u0437\u0430\u043d\u043d\u043e\u0439 \u0441\u0443\u043c\u043c\u044b, \u043f\u043e\u043a\u0443\u043f\u0430\u0442\u0435\u043b\u044c \u043c\u043e\u0436\u0435\u0442 \u0438\u0441\u043f\u043e\u043b\u044c\u0437\u043e\u0432\u0430\u0442\u044c \u043d\u0435\u0438\u0441\u043f\u043e\u043b\u044c\u0437\u043e\u0432\u0430\u043d\u043d\u0443\u044e \u0441\u0443\u043c\u043c\u0443 \u0434\u043b\u044f \u043f\u043e\u043a\u0443\u043f\u043a\u0438 \u043a\u0443\u0445\u043e\u043d\u043d\u043e\u0439 \u0442\u0435\u0445\u043d\u0438\u043a\u0438 \u0442\u043e\u043b\u044c\u043a\u043e \u0447\u0435\u0440\u0435\u0437 Baltest m\u00f6\u00f6bel O\u00dc. \u041a\u0430\u043c\u043f\u0430\u043d\u0435\u0439\u043d\u043e\u0435 \u043f\u0440\u0435\u0434\u043b\u043e\u0436\u0435\u043d\u0438\u0435 \u043d\u0435 \u043c\u043e\u0436\u0435\u0442 \u0431\u044b\u0442\u044c \u043e\u0431\u043c\u0435\u043d\u0435\u043d\u043e \u043d\u0430 \u043d\u0430\u043b\u0438\u0447\u043d\u044b\u0435. \u041f\u0440\u0435\u0434\u043b\u043e\u0436\u0435\u043d\u0438\u0435 \u0434\u0435\u0439\u0441\u0442\u0432\u0438\u0442\u0435\u043b\u044c\u043d\u043e \u0442\u043e\u043b\u044c\u043a\u043e \u0434\u043b\u044f \u0431\u0440\u043e\u043d\u0438\u0440\u043e\u0432\u0430\u043d\u0438\u0439 \u043d\u0430 \u043e\u0431\u044a\u0435\u043a\u0442\u0435 Soodi 6 \u043f\u0440\u0438 \u043f\u043e\u0434\u043f\u0438\u0441\u0430\u043d\u0438\u0438 \u0434\u043e\u0433\u043e\u0432\u043e\u0440\u0430 \u0431\u0440\u043e\u043d\u0438\u0440\u043e\u0432\u0430\u043d\u0438\u044f. \u0422\u043e\u043b\u044c\u043a\u043e \u043e\u0434\u043d\u0430 \u0442\u0435\u043a\u0443\u0449\u0430\u044f \u0441\u043a\u0438\u0434\u043a\u0430 \u043c\u043e\u0436\u0435\u0442 \u0431\u044b\u0442\u044c \u0438\u0441\u043f\u043e\u043b\u044c\u0437\u043e\u0432\u0430\u043d\u0430 \u043d\u0430 \u043e\u0434\u043d\u043e \u0431\u0440\u043e\u043d\u0438\u0440\u043e\u0432\u0430\u043d\u0438\u0435, \u0438 \u0441\u043a\u0438\u0434\u043a\u0438 \u043d\u0435 \u043c\u043e\u0433\u0443\u0442 \u0431\u044b\u0442\u044c \u043e\u0431\u044a\u0435\u0434\u0438\u043d\u0435\u043d\u044b. \u041a\u0430\u043c\u043f\u0430\u043d\u0438\u044f &#171;\u041a\u0443\u0445\u043d\u044f \u0432\u043a\u043b\u044e\u0447\u0435\u043d\u0430&#187; \u043d\u0430\u0447\u0438\u043d\u0430\u0435\u0442\u0441\u044f 18.06.2024 \u0438 \u0434\u043b\u0438\u0442\u0441\u044f \u0434\u043e \u0442\u0435\u0445 \u043f\u043e\u0440, \u043f\u043e\u043a\u0430 \u043f\u0435\u0440\u0432\u044b\u0435 10 \u0431\u0440\u043e\u043d\u0438\u0440\u0443\u044e\u0449\u0438\u0445 \u043d\u0435 \u043f\u043e\u0434\u043f\u0438\u0448\u0443\u0442 \u0434\u043e\u0433\u043e\u0432\u043e\u0440 \u0431\u0440\u043e\u043d\u0438\u0440\u043e\u0432\u0430\u043d\u0438\u044f.<\/p>\n<\/div><\/section><\/div>","protected":false},"excerpt":{"rendered":"<p>\u0421\u043f\u0435\u0446\u0438\u0430\u043b\u044c\u043d\u043e\u0435 \u043f\u0440\u0435\u0434\u043b\u043e\u0436\u0435\u043d\u0438\u0435:&nbsp;\u041a\u0443\u0445\u043d\u044f \u0432\u043a\u043b\u044e\u0447\u0435\u043d\u0430 \u0434\u043b\u044f \u043f\u0435\u0440\u0432\u044b\u0445 \u0431\u0440\u043e\u043d\u0438\u0440\u0443\u044e\u0449\u0438\u0445! \u0412 \u0440\u0430\u043c\u043a\u0430\u0445 \u043a\u0430\u043c\u043f\u0430\u043d\u0438\u0438 \u043d\u0430\u0448 \u043f\u0430\u0440\u0442\u043d\u0435\u0440 Baltest m\u00f6\u00f6bel O\u00dc \u043f\u0440\u0435\u0434\u043b\u0430\u0433\u0430\u0435\u0442 \u043a\u0443\u0445\u043e\u043d\u043d\u0443\u044e \u043c\u0435\u0431\u0435\u043b\u044c. \u0426\u0435\u043d\u0430 \u043a\u0443\u0445\u043e\u043d\u043d\u043e\u0439 \u043c\u0435\u0431\u0435\u043b\u0438 \u0441 \u041d\u0414\u0421 \u0440\u0430\u0441\u043f\u0440\u0435\u0434\u0435\u043b\u044f\u0435\u0442\u0441\u044f \u0441\u043b\u0435\u0434\u0443\u044e\u0449\u0438\u043c \u043e\u0431\u0440\u0430\u0437\u043e\u043c: \u0426\u0435\u043d\u0430 \u0432\u043a\u043b\u044e\u0447\u0430\u0435\u0442 \u043a\u0443\u0445\u043e\u043d\u043d\u0443\u044e \u043c\u0435\u0431\u0435\u043b\u044c \u0438 \u0444\u0443\u0440\u043d\u0438\u0442\u0443\u0440\u0443 \u0441 \u0432\u044b\u0431\u043e\u0440\u043e\u043c \u043c\u0430\u0442\u0435\u0440\u0438\u0430\u043b\u043e\u0432, \u043a\u0440\u043e\u043c\u0435 \u0442\u0435\u0445\u043d\u0438\u043a\u0438 \u0438 \u0441\u0430\u043d\u0442\u0435\u0445\u043d\u0438\u043a\u0438. \u0415\u0441\u043b\u0438 \u043e\u043a\u043e\u043d\u0447\u0430\u0442\u0435\u043b\u044c\u043d\u0430\u044f \u0446\u0435\u043d\u0430 \u043a\u0443\u0445\u043e\u043d\u043d\u043e\u0439 \u043c\u0435\u0431\u0435\u043b\u0438 \u043f\u0440\u0435\u0432\u044b\u0448\u0430\u0435\u0442 \u0443\u043a\u0430\u0437\u0430\u043d\u043d\u0443\u044e \u0441\u0443\u043c\u043c\u0443, \u043f\u043e\u043a\u0443\u043f\u0430\u0442\u0435\u043b\u044c \u043f\u043e\u043a\u0440\u044b\u0432\u0430\u0435\u0442 \u0440\u0430\u0437\u043d\u0438\u0446\u0443 \u043d\u0430\u043f\u0440\u044f\u043c\u0443\u044e Baltest m\u00f6\u00f6bel O\u00dc. \u0415\u0441\u043b\u0438 \u043e\u043a\u043e\u043d\u0447\u0430\u0442\u0435\u043b\u044c\u043d\u0430\u044f [&hellip;]<\/p>\n","protected":false},"author":2,"featured_media":0,"parent":0,"menu_order":0,"comment_status":"closed","ping_status":"closed","template":"subsite-templates\/template-simple-page.php","meta":{"_acf_changed":false,"inline_featured_image":false,"footnotes":""},"class_list":["post-196448","page","type-page","status-publish","hentry"],"acf":[],"yoast_head":"<!-- This site is optimized with the Yoast SEO plugin v27.4 - https:\/\/yoast.com\/product\/yoast-seo-wordpress\/ -->\n<title>\u0423\u0441\u043b\u043e\u0432\u0438\u044f \u043a\u0430\u043c\u043f\u0430\u043d\u0438\u0438 - Kodulahe<\/title>\n<meta name=\"robots\" content=\"index, follow, max-snippet:-1, max-image-preview:large, max-video-preview:-1\" \/>\n<link rel=\"canonical\" href=\"https:\/\/kodulahe.arcovara.com\/ru\/uslovija-kompanii\/\" \/>\n<meta property=\"og:locale\" content=\"ru_RU\" \/>\n<meta property=\"og:type\" content=\"article\" \/>\n<meta property=\"og:title\" content=\"\u0423\u0441\u043b\u043e\u0432\u0438\u044f \u043a\u0430\u043c\u043f\u0430\u043d\u0438\u0438 - Kodulahe\" \/>\n<meta property=\"og:description\" content=\"\u0421\u043f\u0435\u0446\u0438\u0430\u043b\u044c\u043d\u043e\u0435 \u043f\u0440\u0435\u0434\u043b\u043e\u0436\u0435\u043d\u0438\u0435:&nbsp;\u041a\u0443\u0445\u043d\u044f \u0432\u043a\u043b\u044e\u0447\u0435\u043d\u0430 \u0434\u043b\u044f \u043f\u0435\u0440\u0432\u044b\u0445 \u0431\u0440\u043e\u043d\u0438\u0440\u0443\u044e\u0449\u0438\u0445! \u0412 \u0440\u0430\u043c\u043a\u0430\u0445 \u043a\u0430\u043c\u043f\u0430\u043d\u0438\u0438 \u043d\u0430\u0448 \u043f\u0430\u0440\u0442\u043d\u0435\u0440 Baltest m\u00f6\u00f6bel O\u00dc \u043f\u0440\u0435\u0434\u043b\u0430\u0433\u0430\u0435\u0442 \u043a\u0443\u0445\u043e\u043d\u043d\u0443\u044e \u043c\u0435\u0431\u0435\u043b\u044c. \u0426\u0435\u043d\u0430 \u043a\u0443\u0445\u043e\u043d\u043d\u043e\u0439 \u043c\u0435\u0431\u0435\u043b\u0438 \u0441 \u041d\u0414\u0421 \u0440\u0430\u0441\u043f\u0440\u0435\u0434\u0435\u043b\u044f\u0435\u0442\u0441\u044f \u0441\u043b\u0435\u0434\u0443\u044e\u0449\u0438\u043c \u043e\u0431\u0440\u0430\u0437\u043e\u043c: \u0426\u0435\u043d\u0430 \u0432\u043a\u043b\u044e\u0447\u0430\u0435\u0442 \u043a\u0443\u0445\u043e\u043d\u043d\u0443\u044e \u043c\u0435\u0431\u0435\u043b\u044c \u0438 \u0444\u0443\u0440\u043d\u0438\u0442\u0443\u0440\u0443 \u0441 \u0432\u044b\u0431\u043e\u0440\u043e\u043c \u043c\u0430\u0442\u0435\u0440\u0438\u0430\u043b\u043e\u0432, \u043a\u0440\u043e\u043c\u0435 \u0442\u0435\u0445\u043d\u0438\u043a\u0438 \u0438 \u0441\u0430\u043d\u0442\u0435\u0445\u043d\u0438\u043a\u0438. \u0415\u0441\u043b\u0438 \u043e\u043a\u043e\u043d\u0447\u0430\u0442\u0435\u043b\u044c\u043d\u0430\u044f \u0446\u0435\u043d\u0430 \u043a\u0443\u0445\u043e\u043d\u043d\u043e\u0439 \u043c\u0435\u0431\u0435\u043b\u0438 \u043f\u0440\u0435\u0432\u044b\u0448\u0430\u0435\u0442 \u0443\u043a\u0430\u0437\u0430\u043d\u043d\u0443\u044e \u0441\u0443\u043c\u043c\u0443, \u043f\u043e\u043a\u0443\u043f\u0430\u0442\u0435\u043b\u044c \u043f\u043e\u043a\u0440\u044b\u0432\u0430\u0435\u0442 \u0440\u0430\u0437\u043d\u0438\u0446\u0443 \u043d\u0430\u043f\u0440\u044f\u043c\u0443\u044e Baltest m\u00f6\u00f6bel O\u00dc. \u0415\u0441\u043b\u0438 \u043e\u043a\u043e\u043d\u0447\u0430\u0442\u0435\u043b\u044c\u043d\u0430\u044f [&hellip;]\" \/>\n<meta property=\"og:url\" content=\"https:\/\/kodulahe.arcovara.com\/ru\/uslovija-kompanii\/\" \/>\n<meta property=\"og:site_name\" content=\"Kodulahe\" \/>\n<meta property=\"article:modified_time\" content=\"2025-01-24T11:35:57+00:00\" \/>\n<meta name=\"twitter:card\" content=\"summary_large_image\" \/>\n<meta name=\"twitter:label1\" content=\"Est. reading time\" \/>\n\t<meta name=\"twitter:data1\" content=\"1 \u043c\u0438\u043d\u0443\u0442\u0430\" \/>\n<script type=\"application\/ld+json\" class=\"yoast-schema-graph\">{\"@context\":\"https:\\\/\\\/schema.org\",\"@graph\":[{\"@type\":\"WebPage\",\"@id\":\"https:\\\/\\\/kodulahe.arcovara.com\\\/ru\\\/uslovija-kompanii\\\/\",\"url\":\"https:\\\/\\\/kodulahe.arcovara.com\\\/ru\\\/uslovija-kompanii\\\/\",\"name\":\"\u0423\u0441\u043b\u043e\u0432\u0438\u044f \u043a\u0430\u043c\u043f\u0430\u043d\u0438\u0438 - Kodulahe\",\"isPartOf\":{\"@id\":\"https:\\\/\\\/kodulahe.arcovara.com\\\/#website\"},\"datePublished\":\"2025-01-24T11:35:56+00:00\",\"dateModified\":\"2025-01-24T11:35:57+00:00\",\"breadcrumb\":{\"@id\":\"https:\\\/\\\/kodulahe.arcovara.com\\\/ru\\\/uslovija-kompanii\\\/#breadcrumb\"},\"inLanguage\":\"ru-RU\",\"potentialAction\":[{\"@type\":\"ReadAction\",\"target\":[\"https:\\\/\\\/kodulahe.arcovara.com\\\/ru\\\/uslovija-kompanii\\\/\"]}]},{\"@type\":\"BreadcrumbList\",\"@id\":\"https:\\\/\\\/kodulahe.arcovara.com\\\/ru\\\/uslovija-kompanii\\\/#breadcrumb\",\"itemListElement\":[{\"@type\":\"ListItem\",\"position\":1,\"name\":\"Home\",\"item\":\"https:\\\/\\\/kodulahe.arcovara.com\\\/ru\\\/\"},{\"@type\":\"ListItem\",\"position\":2,\"name\":\"\u0423\u0441\u043b\u043e\u0432\u0438\u044f \u043a\u0430\u043c\u043f\u0430\u043d\u0438\u0438\"}]},{\"@type\":\"WebSite\",\"@id\":\"https:\\\/\\\/kodulahe.arcovara.com\\\/#website\",\"url\":\"https:\\\/\\\/kodulahe.arcovara.com\\\/\",\"name\":\"Kodulahe\",\"description\":\"\",\"publisher\":{\"@id\":\"https:\\\/\\\/kodulahe.arcovara.com\\\/#organization\"},\"potentialAction\":[{\"@type\":\"SearchAction\",\"target\":{\"@type\":\"EntryPoint\",\"urlTemplate\":\"https:\\\/\\\/kodulahe.arcovara.com\\\/?s={search_term_string}\"},\"query-input\":{\"@type\":\"PropertyValueSpecification\",\"valueRequired\":true,\"valueName\":\"search_term_string\"}}],\"inLanguage\":\"ru-RU\"},{\"@type\":\"Organization\",\"@id\":\"https:\\\/\\\/kodulahe.arcovara.com\\\/#organization\",\"name\":\"Kodulahe\",\"url\":\"https:\\\/\\\/kodulahe.arcovara.com\\\/\",\"logo\":{\"@type\":\"ImageObject\",\"inLanguage\":\"ru-RU\",\"@id\":\"https:\\\/\\\/kodulahe.arcovara.com\\\/#\\\/schema\\\/logo\\\/image\\\/\",\"url\":\"https:\\\/\\\/kodulahe.arcovara.com\\\/wp-content\\\/uploads\\\/sites\\\/12\\\/2024\\\/10\\\/kodulahe.svg\",\"contentUrl\":\"https:\\\/\\\/kodulahe.arcovara.com\\\/wp-content\\\/uploads\\\/sites\\\/12\\\/2024\\\/10\\\/kodulahe.svg\",\"width\":175,\"height\":34,\"caption\":\"Kodulahe\"},\"image\":{\"@id\":\"https:\\\/\\\/kodulahe.arcovara.com\\\/#\\\/schema\\\/logo\\\/image\\\/\"}}]}<\/script>\n<!-- \/ Yoast SEO plugin. -->","yoast_head_json":{"title":"\u0423\u0441\u043b\u043e\u0432\u0438\u044f \u043a\u0430\u043c\u043f\u0430\u043d\u0438\u0438 - Kodulahe","robots":{"index":"index","follow":"follow","max-snippet":"max-snippet:-1","max-image-preview":"max-image-preview:large","max-video-preview":"max-video-preview:-1"},"canonical":"https:\/\/kodulahe.arcovara.com\/ru\/uslovija-kompanii\/","og_locale":"ru_RU","og_type":"article","og_title":"\u0423\u0441\u043b\u043e\u0432\u0438\u044f \u043a\u0430\u043c\u043f\u0430\u043d\u0438\u0438 - Kodulahe","og_description":"\u0421\u043f\u0435\u0446\u0438\u0430\u043b\u044c\u043d\u043e\u0435 \u043f\u0440\u0435\u0434\u043b\u043e\u0436\u0435\u043d\u0438\u0435:&nbsp;\u041a\u0443\u0445\u043d\u044f \u0432\u043a\u043b\u044e\u0447\u0435\u043d\u0430 \u0434\u043b\u044f \u043f\u0435\u0440\u0432\u044b\u0445 \u0431\u0440\u043e\u043d\u0438\u0440\u0443\u044e\u0449\u0438\u0445! \u0412 \u0440\u0430\u043c\u043a\u0430\u0445 \u043a\u0430\u043c\u043f\u0430\u043d\u0438\u0438 \u043d\u0430\u0448 \u043f\u0430\u0440\u0442\u043d\u0435\u0440 Baltest m\u00f6\u00f6bel O\u00dc \u043f\u0440\u0435\u0434\u043b\u0430\u0433\u0430\u0435\u0442 \u043a\u0443\u0445\u043e\u043d\u043d\u0443\u044e \u043c\u0435\u0431\u0435\u043b\u044c. \u0426\u0435\u043d\u0430 \u043a\u0443\u0445\u043e\u043d\u043d\u043e\u0439 \u043c\u0435\u0431\u0435\u043b\u0438 \u0441 \u041d\u0414\u0421 \u0440\u0430\u0441\u043f\u0440\u0435\u0434\u0435\u043b\u044f\u0435\u0442\u0441\u044f \u0441\u043b\u0435\u0434\u0443\u044e\u0449\u0438\u043c \u043e\u0431\u0440\u0430\u0437\u043e\u043c: \u0426\u0435\u043d\u0430 \u0432\u043a\u043b\u044e\u0447\u0430\u0435\u0442 \u043a\u0443\u0445\u043e\u043d\u043d\u0443\u044e \u043c\u0435\u0431\u0435\u043b\u044c \u0438 \u0444\u0443\u0440\u043d\u0438\u0442\u0443\u0440\u0443 \u0441 \u0432\u044b\u0431\u043e\u0440\u043e\u043c \u043c\u0430\u0442\u0435\u0440\u0438\u0430\u043b\u043e\u0432, \u043a\u0440\u043e\u043c\u0435 \u0442\u0435\u0445\u043d\u0438\u043a\u0438 \u0438 \u0441\u0430\u043d\u0442\u0435\u0445\u043d\u0438\u043a\u0438. \u0415\u0441\u043b\u0438 \u043e\u043a\u043e\u043d\u0447\u0430\u0442\u0435\u043b\u044c\u043d\u0430\u044f \u0446\u0435\u043d\u0430 \u043a\u0443\u0445\u043e\u043d\u043d\u043e\u0439 \u043c\u0435\u0431\u0435\u043b\u0438 \u043f\u0440\u0435\u0432\u044b\u0448\u0430\u0435\u0442 \u0443\u043a\u0430\u0437\u0430\u043d\u043d\u0443\u044e \u0441\u0443\u043c\u043c\u0443, \u043f\u043e\u043a\u0443\u043f\u0430\u0442\u0435\u043b\u044c \u043f\u043e\u043a\u0440\u044b\u0432\u0430\u0435\u0442 \u0440\u0430\u0437\u043d\u0438\u0446\u0443 \u043d\u0430\u043f\u0440\u044f\u043c\u0443\u044e Baltest m\u00f6\u00f6bel O\u00dc. \u0415\u0441\u043b\u0438 \u043e\u043a\u043e\u043d\u0447\u0430\u0442\u0435\u043b\u044c\u043d\u0430\u044f [&hellip;]","og_url":"https:\/\/kodulahe.arcovara.com\/ru\/uslovija-kompanii\/","og_site_name":"Kodulahe","article_modified_time":"2025-01-24T11:35:57+00:00","twitter_card":"summary_large_image","twitter_misc":{"Est. reading time":"1 \u043c\u0438\u043d\u0443\u0442\u0430"},"schema":{"@context":"https:\/\/schema.org","@graph":[{"@type":"WebPage","@id":"https:\/\/kodulahe.arcovara.com\/ru\/uslovija-kompanii\/","url":"https:\/\/kodulahe.arcovara.com\/ru\/uslovija-kompanii\/","name":"\u0423\u0441\u043b\u043e\u0432\u0438\u044f \u043a\u0430\u043c\u043f\u0430\u043d\u0438\u0438 - Kodulahe","isPartOf":{"@id":"https:\/\/kodulahe.arcovara.com\/#website"},"datePublished":"2025-01-24T11:35:56+00:00","dateModified":"2025-01-24T11:35:57+00:00","breadcrumb":{"@id":"https:\/\/kodulahe.arcovara.com\/ru\/uslovija-kompanii\/#breadcrumb"},"inLanguage":"ru-RU","potentialAction":[{"@type":"ReadAction","target":["https:\/\/kodulahe.arcovara.com\/ru\/uslovija-kompanii\/"]}]},{"@type":"BreadcrumbList","@id":"https:\/\/kodulahe.arcovara.com\/ru\/uslovija-kompanii\/#breadcrumb","itemListElement":[{"@type":"ListItem","position":1,"name":"Home","item":"https:\/\/kodulahe.arcovara.com\/ru\/"},{"@type":"ListItem","position":2,"name":"\u0423\u0441\u043b\u043e\u0432\u0438\u044f \u043a\u0430\u043c\u043f\u0430\u043d\u0438\u0438"}]},{"@type":"WebSite","@id":"https:\/\/kodulahe.arcovara.com\/#website","url":"https:\/\/kodulahe.arcovara.com\/","name":"Kodulahe","description":"","publisher":{"@id":"https:\/\/kodulahe.arcovara.com\/#organization"},"potentialAction":[{"@type":"SearchAction","target":{"@type":"EntryPoint","urlTemplate":"https:\/\/kodulahe.arcovara.com\/?s={search_term_string}"},"query-input":{"@type":"PropertyValueSpecification","valueRequired":true,"valueName":"search_term_string"}}],"inLanguage":"ru-RU"},{"@type":"Organization","@id":"https:\/\/kodulahe.arcovara.com\/#organization","name":"Kodulahe","url":"https:\/\/kodulahe.arcovara.com\/","logo":{"@type":"ImageObject","inLanguage":"ru-RU","@id":"https:\/\/kodulahe.arcovara.com\/#\/schema\/logo\/image\/","url":"https:\/\/kodulahe.arcovara.com\/wp-content\/uploads\/sites\/12\/2024\/10\/kodulahe.svg","contentUrl":"https:\/\/kodulahe.arcovara.com\/wp-content\/uploads\/sites\/12\/2024\/10\/kodulahe.svg","width":175,"height":34,"caption":"Kodulahe"},"image":{"@id":"https:\/\/kodulahe.arcovara.com\/#\/schema\/logo\/image\/"}}]}},"_links":{"self":[{"href":"https:\/\/kodulahe.arcovara.com\/ru\/wp-json\/wp\/v2\/pages\/196448","targetHints":{"allow":["GET"]}}],"collection":[{"href":"https:\/\/kodulahe.arcovara.com\/ru\/wp-json\/wp\/v2\/pages"}],"about":[{"href":"https:\/\/kodulahe.arcovara.com\/ru\/wp-json\/wp\/v2\/types\/page"}],"author":[{"embeddable":true,"href":"https:\/\/kodulahe.arcovara.com\/ru\/wp-json\/wp\/v2\/users\/2"}],"replies":[{"embeddable":true,"href":"https:\/\/kodulahe.arcovara.com\/ru\/wp-json\/wp\/v2\/comments?post=196448"}],"version-history":[{"count":2,"href":"https:\/\/kodulahe.arcovara.com\/ru\/wp-json\/wp\/v2\/pages\/196448\/revisions"}],"predecessor-version":[{"id":196452,"href":"https:\/\/kodulahe.arcovara.com\/ru\/wp-json\/wp\/v2\/pages\/196448\/revisions\/196452"}],"wp:attachment":[{"href":"https:\/\/kodulahe.arcovara.com\/ru\/wp-json\/wp\/v2\/media?parent=196448"}],"curies":[{"name":"wp","href":"https:\/\/api.w.org\/{rel}","templated":true}]}}